{"id":868,"date":"2025-09-30T22:04:45","date_gmt":"2025-09-30T22:04:45","guid":{"rendered":"https:\/\/cmre.ch\/profil\/"},"modified":"2025-12-10T15:19:47","modified_gmt":"2025-12-10T15:19:47","slug":"profil","status":"publish","type":"page","link":"https:\/\/cmre.ch\/de\/profil\/","title":{"rendered":"Meine Anzeigen"},"content":{"rendered":"<div data-elementor-type=\"wp-page\" data-elementor-id=\"868\" class=\"elementor elementor-868\" data-elementor-post-type=\"page\">\n\t\t\t\t<div class=\"elementor-element elementor-element-2f62972e e-flex e-con-boxed e-con e-parent\" data-id=\"2f62972e\" data-element_type=\"container\" data-e-type=\"container\">\n\t\t\t\t\t<div class=\"e-con-inner\">\n\t\t\t\t<div class=\"elementor-element elementor-element-339e71ac elementor-widget elementor-widget-shortcode\" data-id=\"339e71ac\" data-element_type=\"widget\" data-e-type=\"widget\" data-widget_type=\"shortcode.default\">\n\t\t\t\t\t\t\t<div class=\"elementor-shortcode\"><div class=\"es-auth js-es-auth content-font\">\n    \t    \t    <div class=\"es-auth__item es-auth__login-buttons\">\n\t        <h3 class=\"heading-font\">Connexion ou Inscription<\/h3>\n\t\n\t        <p>pour enregistrer vos maisons pr\u00e9f\u00e9r\u00e9es et plus encore<\/p>\n\t\n\t\t\t\t\t\t\t        <a href=\"#\" data-auth-item=\"login-form\" class=\"js-es-auth-item__switcher es-btn es-btn--default es-btn--auth\">\n\t\t\tMit E-Mail einloggen        <\/a>\n\t\n\t        <p class=\"sign-in-text\">=Sie haben noch kein Konto? <a href=\"#\" data-auth-item=\"buyer-register-buttons\" class=\"js-es-auth-item__switcher\">Bitte melden Sie sich an<\/a><\/p>\n    \n    <div class=\"es-space\"><\/div>\n\n    <\/div>\n\t    <div class=\"es-auth__item js-es-auth__login-form es-auth__login-form es-auth__item--hidden\">\n\t        <h3 class=\"heading-font\">Connexion ou Inscription<\/h3>\n\t\n\t        <p>pour enregistrer vos maisons pr\u00e9f\u00e9r\u00e9es et plus encore<\/p>\n\t\n    <div class=\"all-login-back\">\n        <a href=\"#\" data-auth-item=\"login-buttons\" class=\"js-es-auth-item__switcher\">\n            <span class=\"es-icon es-icon_chevron-left\"><\/span>Alle Login Optionen        <\/a>\n    <\/div>\n\n    <form action=\"\" method=\"POST\" data-trp-original-action=\"\">\n\t\t\n                               <div class='es-field es-field__es_user_login es-field--text'>\n                                   <label for='es_user_login-69dcc5407e845'><span class='es-field__label'>E-Mail<\/span><input id=\"es_user_login-69dcc5407e845\" name=\"es_user_login\" class=\"es-field__input\" required=\"required\" autocomplete=\"username\" type=\"text\" value=\"\" \/><\/label>\n                               <\/div>\n                           \n                                   <div class='es-field es-field__es_user_password es-field--password'>\n                                       <label for='es_user_password-69dcc5407f045'><span class='es-field__label'>Passwort<\/span><div class='es-input__wrap'><input id=\"es_user_password-69dcc5407f045\" name=\"es_user_password\" class=\"es-field__input\" required=\"required\" autocomplete=\"current-password\" type=\"password\" value=\"\" \/><a href='#' aria-label='Show or Hide password' class='es-toggle-pwd js-es-toggle-pwd'><span class='es-icon es-icon_eye'><\/span><\/a><\/div><\/label>\n                                   <\/div>\n                                       <div class=\"forgot-pwd\">\n            <a href=\"#\" data-auth-item=\"reset-form\" class=\"js-es-auth-item__switcher\">Passwort vergessen?<\/a>\n        <\/div>\n\n\t\t        <input type=\"hidden\" name=\"uniqid\" value=\"69dcc5407f05d\"\/>\n\t\t<input type=\"hidden\" id=\"es_auth_nonce_69dcc5407f05d\" name=\"es_auth_nonce_69dcc5407f05d\" value=\"ee7586770e\" \/><input type=\"hidden\" name=\"_wp_http_referer\" value=\"\/de\/wp-json\/wp\/v2\/pages\/868\" \/>\t    \t\t\t\t\t<input type=\"hidden\" name=\"g-recaptcha-response\" id=\"recaptchaResponse-69dcc5407f0b5\"\/>\n\t\t\t\t\t        <button type=\"submit\" class=\"es-btn es-btn--primary js-es-btn--login es-btn--login\" disabled>Einloggen<\/button>\n    <input type=\"hidden\" name=\"trp-form-language\" value=\"de\"\/><\/form>\n\n\t        <p class=\"sign-in-text\">Sie haben noch kein Konto? <a href=\"#\" class=\"js-es-auth-item__switcher\" data-auth-item=\"buyer-register-buttons\">Bitte melden Sie sich an<\/a><\/p>\n        <div class=\"es-space\"><\/div>\n<\/div>\n\t    <div class=\"es-auth__item es-auth__reset-form es-auth__item--hidden\">\n    <h3 class=\"heading-font\">Reset password<\/h3>\n    <p>Geben Sie Ihre E-Mail-Adresse ein und wir senden Ihnen einen Link zum \u00c4ndern Ihres Passworts.<\/p>\n\n    <form action=\"\" method=\"POST\" data-trp-original-action=\"\">\n\t\t\n        <input type=\"hidden\" name=\"uniqid\" value=\"69dcc5407f13d\"\/>\n\n\t\t\t\t\t\n                               <div class='es-field es-field__es_user_email es-field--email'>\n                                   <label for='es_user_email-69dcc5407f151'><span class='es-field__label'>E-Mail<\/span><input id=\"es_user_email-69dcc5407f151\" name=\"es_user_email\" class=\"es-field__input\" required=\"required\" autocomplete=\"username\" type=\"email\" value=\"\" \/><\/label>\n                               <\/div>\n                           \t\t\t<input type=\"hidden\" id=\"es_retrieve_pwd_nonce_69dcc5407f13d\" name=\"es_retrieve_pwd_nonce_69dcc5407f13d\" value=\"76f4f83eff\" \/><input type=\"hidden\" name=\"_wp_http_referer\" value=\"\/de\/wp-json\/wp\/v2\/pages\/868\" \/>\t\t\t\t\t\t\t\t<input type=\"hidden\" name=\"g-recaptcha-response\" id=\"recaptchaResponse-69dcc5407f178\"\/>\n\t\t\t\t\t            <button type=\"submit\" class=\"es-btn es-btn--primary es-btn--reset\">Link zum Zur\u00fccksetzen senden<\/button>\n\t\t\n        <div><a href=\"#\" data-auth-item=\"login-buttons\" class=\"js-es-auth-item__switcher login-back\"><span class=\"es-icon es-icon_chevron-left\"><\/span>Zur\u00fcck zum Login<\/a><\/div>\n    <input type=\"hidden\" name=\"trp-form-language\" value=\"de\"\/><\/form>\n    <div class=\"es-space\"><\/div>\n<\/div>\n\t                <div class=\"es-auth__item es-auth__buyer-register-buttons es-auth__item--hidden\">\n\t        <h3 class=\"heading-font\">Commencez avec votre compte<\/h3>\n\t\n\t        <p>pour enregistrer vos maisons pr\u00e9f\u00e9r\u00e9es et plus encore<\/p>\n\t\n\t\t\t\t\t\t\t        <a href=\"#\" data-auth-item=\"buyer-register-form\" class=\"js-es-auth-item__switcher es-btn es-btn--default es-btn--auth\">Registrieren Sie sich mit Ihrer E-Mail Adresse<\/a>\n\t\n    <p class=\"sign-in-text\">Sie haben bereits ein Konto? <a href=\"#\" data-auth-item=\"login-buttons\" class=\"js-es-auth-item__switcher\">Einloggen.<\/a><\/p>\n    <div class=\"es-space\"><\/div>\n\t<\/div>\n            <div class=\"es-auth__item es-auth__buyer-register-form es-auth__item--hidden\">\n\t        <h3 class=\"heading-font\">Commencez avec votre compte<\/h3>\n\t\n\t        <p>pour enregistrer vos maisons pr\u00e9f\u00e9r\u00e9es et plus encore<\/p>\n\t\n    <div class=\"all-login-back\">\n        <a href=\"#\" class=\"js-es-auth-item__switcher\" data-auth-item=\"buyer-register-buttons\">\n            <span class=\"es-icon es-icon_chevron-left\"><\/span>Alle Anmeldeoptionen        <\/a>\n    <\/div>\n\n    <form action=\"\" method=\"POST\" data-trp-original-action=\"\">\n\t\t        <input type=\"hidden\" name=\"uniqid\" value=\"69dcc5407f24c\"\/>\n        <input type=\"hidden\" id=\"es_register_nonce_69dcc5407f24c\" name=\"es_register_nonce_69dcc5407f24c\" value=\"99df73554f\" \/><input type=\"hidden\" name=\"_wp_http_referer\" value=\"\/de\/wp-json\/wp\/v2\/pages\/868\" \/><input id=\"redirect_url-69dcc5407f25c\" name=\"redirect_url\" class=\"es-field__input\" type=\"hidden\" \/><input id=\"es_type-69dcc5407f26a\" name=\"es_type\" class=\"es-field__input\" type=\"hidden\" value=\"buyer\" \/>\n                               <div class='es-field es-field__es_extra_info es-field--text'>\n                                   <label for='es_extra_info-69dcc5407f274'><input id=\"es_extra_info-69dcc5407f274\" name=\"es_extra_info\" class=\"es-field__input\" type=\"text\" value=\"\" \/><\/label>\n                               <\/div>\n                           \n                               <div class='es-field es-field__es_user_email es-field--email'>\n                                   <label for='es_user_email-69dcc5407f28e'><span class='es-field__label'>E-Mail<\/span><input id=\"es_user_email-69dcc5407f28e\" name=\"es_user_email\" class=\"es-field__input\" required=\"required\" autocomplete=\"username\" type=\"email\" value=\"\" \/><p class='es-field__description'>Sie verwenden es, um sich anzumelden, und wir verwenden es, um Sie zu kontaktieren.<\/p><\/label>\n                               <\/div>\n                           \n                                   <div class='es-field es-field__es_user_password es-field--password'>\n                                       <label for='es_user_password-69dcc5407f2a5'><span class='es-field__label'>Passwort<\/span><div class='es-input__wrap'><input id=\"es_user_password-69dcc5407f2a5\" name=\"es_user_password\" class=\"js-es-password-field es-field__input\" required=\"required\" minlength=\"8\" autocomplete=\"new-password\" type=\"password\" value=\"\" \/><a href='#' aria-label='Show or Hide password' class='es-toggle-pwd js-es-toggle-pwd'><span class='es-icon es-icon_eye'><\/span><\/a><\/div><p class='es-field__description'><ul class='es-field__validate-list'>\n                                <li class='es-validate-item es-validate-item__contain'>Kann den Namen oder die E-Mail-Adresse nicht enthalten<\/li>\n                                <li class='es-validate-item es-validate-item__length'>Mindestens 8 Zeichen<\/li>\n                                <li class='es-validate-item es-validate-item__char'>Enth\u00e4lt eine Zahl oder ein Symbol<\/li>\n                            <\/ul><\/p><\/label>\n                                   <\/div>\n                               \n\t    \t\t\t\t\t<input type=\"hidden\" name=\"g-recaptcha-response\" id=\"recaptchaResponse-69dcc5407f2bd\"\/>\n\t\t\t\t\t\n        <button type=\"submit\" disabled class=\"es-btn es-btn--primary es-btn--signup\">Anmelden<\/button>\n\t\t<div class='es-privacy-policy-container'><div class='es-terms-text'>Durch Klicken auf die Schaltfl\u00e4che \u00abANMELDUNG\u00bb stimmen Sie den Nutzungsbedingungen und Datenschutzpolitik zu<\/div><\/div>        <p class=\"sign-in-text\">Sie haben bereits ein Konto? <a href=\"#\" class=\"js-es-auth-item__switcher\" data-auth-item=\"login-buttons\">Einloggen.<\/a><\/p>\n    <input type=\"hidden\" name=\"trp-form-language\" value=\"de\"\/><\/form>\n    <div class=\"es-space\"><\/div>\n\t<\/div>\n        \t        \n    <\/div>\n<\/div>\n\t\t\t\t\t\t<\/div>\n\t\t\t\t\t<\/div>\n\t\t\t\t<\/div>\n\t\t\t\t<\/div>","protected":false},"excerpt":{"rendered":"","protected":false},"author":1,"featured_media":0,"parent":0,"menu_order":0,"comment_status":"closed","ping_status":"closed","template":"","meta":{"footnotes":""},"class_list":["post-868","page","type-page","status-publish","hentry"],"aioseo_notices":[],"_links":{"self":[{"href":"https:\/\/cmre.ch\/de\/wp-json\/wp\/v2\/pages\/868","targetHints":{"allow":["GET"]}}],"collection":[{"href":"https:\/\/cmre.ch\/de\/wp-json\/wp\/v2\/pages"}],"about":[{"href":"https:\/\/cmre.ch\/de\/wp-json\/wp\/v2\/types\/page"}],"author":[{"embeddable":true,"href":"https:\/\/cmre.ch\/de\/wp-json\/wp\/v2\/users\/1"}],"replies":[{"embeddable":true,"href":"https:\/\/cmre.ch\/de\/wp-json\/wp\/v2\/comments?post=868"}],"version-history":[{"count":7,"href":"https:\/\/cmre.ch\/de\/wp-json\/wp\/v2\/pages\/868\/revisions"}],"predecessor-version":[{"id":994,"href":"https:\/\/cmre.ch\/de\/wp-json\/wp\/v2\/pages\/868\/revisions\/994"}],"wp:attachment":[{"href":"https:\/\/cmre.ch\/de\/wp-json\/wp\/v2\/media?parent=868"}],"curies":[{"name":"wp","href":"https:\/\/api.w.org\/{rel}","templated":true}]}}