{"id":868,"date":"2025-09-30T22:04:45","date_gmt":"2025-09-30T22:04:45","guid":{"rendered":"https:\/\/cmre.ch\/profil\/"},"modified":"2025-12-10T15:19:47","modified_gmt":"2025-12-10T15:19:47","slug":"profil","status":"publish","type":"page","link":"https:\/\/cmre.ch\/fr\/profil\/","title":{"rendered":"Mes annonces"},"content":{"rendered":"\t\t<div data-elementor-type=\"wp-page\" data-elementor-id=\"868\" class=\"elementor elementor-868\" data-elementor-post-type=\"page\">\n\t\t\t\t<div class=\"elementor-element elementor-element-2f62972e e-flex e-con-boxed e-con e-parent\" data-id=\"2f62972e\" data-element_type=\"container\" data-e-type=\"container\">\n\t\t\t\t\t<div class=\"e-con-inner\">\n\t\t\t\t<div class=\"elementor-element elementor-element-339e71ac elementor-widget elementor-widget-shortcode\" data-id=\"339e71ac\" data-element_type=\"widget\" data-e-type=\"widget\" data-widget_type=\"shortcode.default\">\n\t\t\t\t\t\t\t<div class=\"elementor-shortcode\"><div class=\"es-auth js-es-auth content-font\">\n    \t    \t    <div class=\"es-auth__item es-auth__login-buttons \">\n\t        <h3 class=\"heading-font\">Connexion ou Inscription<\/h3>\n\t\n\t        <p>pour enregistrer vos maisons pr\u00e9f\u00e9r\u00e9es et plus encore<\/p>\n\t\n\t\t\t\t\t\t\t        <a href=\"#\" data-auth-item=\"login-form\" class=\"js-es-auth-item__switcher es-btn es-btn--default es-btn--auth \">\n\t\t\tConnectez-vous avec e-mail\n        <\/a>\n\t\n\t        <p class=\"sign-in-text\">Vous n'avez pas de compte\u00a0? <a href=\"#\" data-auth-item=\"buyer-register-buttons\" class=\"js-es-auth-item__switcher\">S'inscrire<\/a><\/p>\n    \n    <div class=\"es-space\"><\/div>\n\n    <\/div>\n\t    <div class=\"es-auth__item js-es-auth__login-form es-auth__login-form es-auth__item--hidden\">\n\t        <h3 class=\"heading-font\">Connexion ou Inscription<\/h3>\n\t\n\t        <p>pour enregistrer vos maisons pr\u00e9f\u00e9r\u00e9es et plus encore<\/p>\n\t\n    <div class=\"all-login-back\">\n        <a href=\"#\" data-auth-item=\"login-buttons\" class=\"js-es-auth-item__switcher\">\n            <span class=\"es-icon es-icon_chevron-left\"><\/span>Toutes les options de connexion        <\/a>\n    <\/div>\n\n    <form action=\"\" method=\"POST\">\n\t\t\n                               <div class='es-field es-field__es_user_login es-field--text '>\n                                   <label for='es_user_login-69d9e1d278245'><span class='es-field__label'>Email<\/span><input id=\"es_user_login-69d9e1d278245\" name=\"es_user_login\" class=\"es-field__input\" required=\"required\" autocomplete=\"username\" type=\"text\" value=\"\" \/><\/label>\n                               <\/div>\n                           \n                                   <div class='es-field es-field__es_user_password es-field--password '>\n                                       <label for='es_user_password-69d9e1d278acc'><span class='es-field__label'>Mot de passe<\/span><div class='es-input__wrap'><input id=\"es_user_password-69d9e1d278acc\" name=\"es_user_password\" class=\"es-field__input\" required=\"required\" autocomplete=\"current-password\" type=\"password\" value=\"\" \/><a href='#' aria-label='Show or Hide password' class='es-toggle-pwd js-es-toggle-pwd'><span class='es-icon es-icon_eye'><\/span><\/a><\/div><\/label>\n                                   <\/div>\n                                       <div class=\"forgot-pwd\">\n            <a href=\"#\" data-auth-item=\"reset-form\" class=\"js-es-auth-item__switcher\">Mot de passe oubli\u00e9?\n<\/a>\n        <\/div>\n\n\t\t        <input type=\"hidden\" name=\"uniqid\" value=\"69d9e1d278ae5\"\/>\n\t\t<input type=\"hidden\" id=\"es_auth_nonce_69d9e1d278ae5\" name=\"es_auth_nonce_69d9e1d278ae5\" value=\"7d8c54c2cb\" \/><input type=\"hidden\" name=\"_wp_http_referer\" value=\"\/fr\/wp-json\/wp\/v2\/pages\/868\" \/>\t    \t\t\t\t\t<input type=\"hidden\" name=\"g-recaptcha-response\" id=\"recaptchaResponse-69d9e1d278b5f\"\/>\n\t\t\t\t\t        <button type=\"submit\" class=\"es-btn es-btn--primary js-es-btn--login es-btn--login\" disabled>Connexion\n<\/button>\n    <\/form>\n\n\t        <p class=\"sign-in-text\">Vous n'avez pas de compte\u00a0? <a href=\"#\" class=\"js-es-auth-item__switcher\" data-auth-item=\"buyer-register-buttons\">S'inscrire<\/a><\/p>\n        <div class=\"es-space\"><\/div>\n<\/div>\n\t    <div class=\"es-auth__item es-auth__reset-form es-auth__item--hidden\">\n    <h3 class=\"heading-font\">Reset password<\/h3>\n    <p>Entrez votre adresse e-mail et nous vous enverrons un lien pour changer votre mot de passe.<\/p>\n\n    <form action=\"\" method=\"POST\">\n\t\t\n        <input type=\"hidden\" name=\"uniqid\" value=\"69d9e1d278bf5\"\/>\n\n\t\t\t\t\t\n                               <div class='es-field es-field__es_user_email es-field--email '>\n                                   <label for='es_user_email-69d9e1d278c04'><span class='es-field__label'>Email<\/span><input id=\"es_user_email-69d9e1d278c04\" name=\"es_user_email\" class=\"es-field__input\" required=\"required\" autocomplete=\"username\" type=\"email\" value=\"\" \/><\/label>\n                               <\/div>\n                           \t\t\t<input type=\"hidden\" id=\"es_retrieve_pwd_nonce_69d9e1d278bf5\" name=\"es_retrieve_pwd_nonce_69d9e1d278bf5\" value=\"1d69bdfd28\" \/><input type=\"hidden\" name=\"_wp_http_referer\" value=\"\/fr\/wp-json\/wp\/v2\/pages\/868\" \/>\t\t\t\t\t\t\t\t<input type=\"hidden\" name=\"g-recaptcha-response\" id=\"recaptchaResponse-69d9e1d278c30\"\/>\n\t\t\t\t\t            <button type=\"submit\" class=\"es-btn es-btn--primary es-btn--reset\">Envoyer le lien de r\u00e9initialisation<\/button>\n\t\t\n        <div><a href=\"#\" data-auth-item=\"login-buttons\" class=\"js-es-auth-item__switcher login-back\"><span class=\"es-icon es-icon_chevron-left\"><\/span>Retour \u00e0 la connexion<\/a><\/div>\n    <\/form>\n    <div class=\"es-space\"><\/div>\n<\/div>\n\t                <div class=\"es-auth__item es-auth__buyer-register-buttons es-auth__item--hidden\">\n\t        <h3 class=\"heading-font\">Commencez avec votre compte<\/h3>\n\t\n\t        <p>pour enregistrer vos maisons pr\u00e9f\u00e9r\u00e9es et plus encore<\/p>\n\t\n\t\t\t\t\t\t\t        <a href=\"#\" data-auth-item=\"buyer-register-form\" class=\"js-es-auth-item__switcher es-btn es-btn--default es-btn--auth \">Inscrivez-vous avec l'adresse e-mail<\/a>\n\t\n    <p class=\"sign-in-text\">Vous avez d\u00e9j\u00e0 un compte? <a href=\"#\" data-auth-item=\"login-buttons\" class=\"js-es-auth-item__switcher\">S'identifier<\/a><\/p>\n    <div class=\"es-space\"><\/div>\n\t<\/div>\n            <div class=\"es-auth__item es-auth__buyer-register-form es-auth__item--hidden\">\n\t        <h3 class=\"heading-font\">Commencez avec votre compte<\/h3>\n\t\n\t        <p>pour enregistrer vos maisons pr\u00e9f\u00e9r\u00e9es et plus encore<\/p>\n\t\n    <div class=\"all-login-back\">\n        <a href=\"#\" class=\"js-es-auth-item__switcher\" data-auth-item=\"buyer-register-buttons\">\n            <span class=\"es-icon es-icon_chevron-left\"><\/span>Toutes les options d'inscription        <\/a>\n    <\/div>\n\n    <form action=\"\" method=\"POST\">\n\t\t        <input type=\"hidden\" name=\"uniqid\" value=\"69d9e1d278d0f\"\/>\n        <input type=\"hidden\" id=\"es_register_nonce_69d9e1d278d0f\" name=\"es_register_nonce_69d9e1d278d0f\" value=\"82f9774d06\" \/><input type=\"hidden\" name=\"_wp_http_referer\" value=\"\/fr\/wp-json\/wp\/v2\/pages\/868\" \/><input id=\"redirect_url-69d9e1d278d1f\" name=\"redirect_url\" class=\"es-field__input\" type=\"hidden\" \/><input id=\"es_type-69d9e1d278d2f\" name=\"es_type\" class=\"es-field__input\" type=\"hidden\" value=\"buyer\" \/>\n                               <div class='es-field es-field__es_extra_info es-field--text '>\n                                   <label for='es_extra_info-69d9e1d278d38'><input id=\"es_extra_info-69d9e1d278d38\" name=\"es_extra_info\" class=\"es-field__input\" type=\"text\" value=\"\" \/><\/label>\n                               <\/div>\n                           \n                               <div class='es-field es-field__es_user_email es-field--email '>\n                                   <label for='es_user_email-69d9e1d278d54'><span class='es-field__label'>Email<\/span><input id=\"es_user_email-69d9e1d278d54\" name=\"es_user_email\" class=\"es-field__input\" required=\"required\" autocomplete=\"username\" type=\"email\" value=\"\" \/><p class='es-field__description'>Vous l'utiliserez pour vous connecter et nous l'utiliserons pour vous contacter.<\/p><\/label>\n                               <\/div>\n                           \n                                   <div class='es-field es-field__es_user_password es-field--password '>\n                                       <label for='es_user_password-69d9e1d278d6c'><span class='es-field__label'>Mot de passe<\/span><div class='es-input__wrap'><input id=\"es_user_password-69d9e1d278d6c\" name=\"es_user_password\" class=\"js-es-password-field es-field__input\" required=\"required\" minlength=\"8\" autocomplete=\"new-password\" type=\"password\" value=\"\" \/><a href='#' aria-label='Show or Hide password' class='es-toggle-pwd js-es-toggle-pwd'><span class='es-icon es-icon_eye'><\/span><\/a><\/div><p class='es-field__description'><ul class='es-field__validate-list'>\n                                <li class='es-validate-item es-validate-item__contain'>Ne peut pas contenir le nom ou l'adresse e-mail<\/li>\n                                <li class='es-validate-item es-validate-item__length'>Au moins 8 caract\u00e8res<\/li>\n                                <li class='es-validate-item es-validate-item__char'>Contient un chiffre ou un symbole<\/li>\n                            <\/ul><\/p><\/label>\n                                   <\/div>\n                               \n\t    \t\t\t\t\t<input type=\"hidden\" name=\"g-recaptcha-response\" id=\"recaptchaResponse-69d9e1d278d87\"\/>\n\t\t\t\t\t\n        <button type=\"submit\" disabled class=\"es-btn es-btn--primary es-btn--signup\">S'inscrire<\/button>\n\t\t<div class='es-privacy-policy-container'><div class='es-terms-text'>En cliquant sur le bouton \u00abS'INSCRIRE\u00bb, vous acceptez les Conditions d'utilisation et Politique de confidentialit\u00e9<\/div><\/div>        <p class=\"sign-in-text\">Vous avez d\u00e9j\u00e0 un compte? <a href=\"#\" class=\"js-es-auth-item__switcher\" data-auth-item=\"login-buttons\">S'identifier<\/a><\/p>\n    <\/form>\n    <div class=\"es-space\"><\/div>\n\t<\/div>\n        \t        \n    <\/div>\n<\/div>\n\t\t\t\t\t\t<\/div>\n\t\t\t\t\t<\/div>\n\t\t\t\t<\/div>\n\t\t\t\t<\/div>\n\t\t","protected":false},"excerpt":{"rendered":"","protected":false},"author":1,"featured_media":0,"parent":0,"menu_order":0,"comment_status":"closed","ping_status":"closed","template":"","meta":{"footnotes":""},"class_list":["post-868","page","type-page","status-publish","hentry"],"aioseo_notices":[],"_links":{"self":[{"href":"https:\/\/cmre.ch\/fr\/wp-json\/wp\/v2\/pages\/868","targetHints":{"allow":["GET"]}}],"collection":[{"href":"https:\/\/cmre.ch\/fr\/wp-json\/wp\/v2\/pages"}],"about":[{"href":"https:\/\/cmre.ch\/fr\/wp-json\/wp\/v2\/types\/page"}],"author":[{"embeddable":true,"href":"https:\/\/cmre.ch\/fr\/wp-json\/wp\/v2\/users\/1"}],"replies":[{"embeddable":true,"href":"https:\/\/cmre.ch\/fr\/wp-json\/wp\/v2\/comments?post=868"}],"version-history":[{"count":7,"href":"https:\/\/cmre.ch\/fr\/wp-json\/wp\/v2\/pages\/868\/revisions"}],"predecessor-version":[{"id":994,"href":"https:\/\/cmre.ch\/fr\/wp-json\/wp\/v2\/pages\/868\/revisions\/994"}],"wp:attachment":[{"href":"https:\/\/cmre.ch\/fr\/wp-json\/wp\/v2\/media?parent=868"}],"curies":[{"name":"wp","href":"https:\/\/api.w.org\/{rel}","templated":true}]}}