{"id":868,"date":"2025-09-30T22:04:45","date_gmt":"2025-09-30T22:04:45","guid":{"rendered":"https:\/\/cmre.ch\/profil\/"},"modified":"2025-12-10T15:19:47","modified_gmt":"2025-12-10T15:19:47","slug":"profil","status":"publish","type":"page","link":"https:\/\/cmre.ch\/it\/profil\/","title":{"rendered":"I miei annunci"},"content":{"rendered":"<div data-elementor-type=\"wp-page\" data-elementor-id=\"868\" class=\"elementor elementor-868\" data-elementor-post-type=\"page\">\n\t\t\t\t<div class=\"elementor-element elementor-element-2f62972e e-flex e-con-boxed e-con e-parent\" data-id=\"2f62972e\" data-element_type=\"container\" data-e-type=\"container\">\n\t\t\t\t\t<div class=\"e-con-inner\">\n\t\t\t\t<div class=\"elementor-element elementor-element-339e71ac elementor-widget elementor-widget-shortcode\" data-id=\"339e71ac\" data-element_type=\"widget\" data-e-type=\"widget\" data-widget_type=\"shortcode.default\">\n\t\t\t\t\t\t\t<div class=\"elementor-shortcode\"><div class=\"es-auth js-es-auth content-font\">\n    \t    \t    <div class=\"es-auth__item es-auth__login-buttons\">\n\t        <h3 class=\"heading-font\">Connexion ou Inscription<\/h3>\n\t\n\t        <p>pour enregistrer vos maisons pr\u00e9f\u00e9r\u00e9es et plus encore<\/p>\n\t\n\t\t\t\t\t\t\t        <a href=\"#\" data-auth-item=\"login-form\" class=\"js-es-auth-item__switcher es-btn es-btn--default es-btn--auth\">\n\t\t\tAccedi con e-mail\n        <\/a>\n\t\n\t        <p class=\"sign-in-text\">Non hai un account? <a href=\"#\" data-auth-item=\"buyer-register-buttons\" class=\"js-es-auth-item__switcher\">Iscrizione<\/a><\/p>\n    \n    <div class=\"es-space\"><\/div>\n\n    <\/div>\n\t    <div class=\"es-auth__item js-es-auth__login-form es-auth__login-form es-auth__item--hidden\">\n\t        <h3 class=\"heading-font\">Connexion ou Inscription<\/h3>\n\t\n\t        <p>pour enregistrer vos maisons pr\u00e9f\u00e9r\u00e9es et plus encore<\/p>\n\t\n    <div class=\"all-login-back\">\n        <a href=\"#\" data-auth-item=\"login-buttons\" class=\"js-es-auth-item__switcher\">\n            <span class=\"es-icon es-icon_chevron-left\"><\/span>Tutte le opzioni di accesso\n        <\/a>\n    <\/div>\n\n    <form action=\"\" method=\"POST\" data-trp-original-action=\"\">\n\t\t\n                               <div class='es-field es-field__es_user_login es-field--text'>\n                                   <label for='es_user_login-69dd17cbe2bc9'><span class='es-field__label'>Email<\/span><input id=\"es_user_login-69dd17cbe2bc9\" name=\"es_user_login\" class=\"es-field__input\" required=\"required\" autocomplete=\"username\" type=\"text\" value=\"\" \/><\/label>\n                               <\/div>\n                           \n                                   <div class='es-field es-field__es_user_password es-field--password'>\n                                       <label for='es_user_password-69dd17cbe380b'><span class='es-field__label'>Parola d'ordine<\/span><div class='es-input__wrap'><input id=\"es_user_password-69dd17cbe380b\" name=\"es_user_password\" class=\"es-field__input\" required=\"required\" autocomplete=\"current-password\" type=\"password\" value=\"\" \/><a href='#' aria-label='Show or Hide password' class='es-toggle-pwd js-es-toggle-pwd'><span class='es-icon es-icon_eye'><\/span><\/a><\/div><\/label>\n                                   <\/div>\n                                       <div class=\"forgot-pwd\">\n            <a href=\"#\" data-auth-item=\"reset-form\" class=\"js-es-auth-item__switcher\">Ha dimenticato la password?<\/a>\n        <\/div>\n\n\t\t        <input type=\"hidden\" name=\"uniqid\" value=\"69dd17cbe3829\"\/>\n\t\t<input type=\"hidden\" id=\"es_auth_nonce_69dd17cbe3829\" name=\"es_auth_nonce_69dd17cbe3829\" value=\"2607a67aed\" \/><input type=\"hidden\" name=\"_wp_http_referer\" value=\"\/it\/wp-json\/wp\/v2\/pages\/868\" \/>\t    \t\t\t\t\t<input type=\"hidden\" name=\"g-recaptcha-response\" id=\"recaptchaResponse-69dd17cbe3888\"\/>\n\t\t\t\t\t        <button type=\"submit\" class=\"es-btn es-btn--primary js-es-btn--login es-btn--login\" disabled>Accesso<\/button>\n    <input type=\"hidden\" name=\"trp-form-language\" value=\"it\"\/><\/form>\n\n\t        <p class=\"sign-in-text\">Non hai un account? <a href=\"#\" class=\"js-es-auth-item__switcher\" data-auth-item=\"buyer-register-buttons\">Iscrizione<\/a><\/p>\n        <div class=\"es-space\"><\/div>\n<\/div>\n\t    <div class=\"es-auth__item es-auth__reset-form es-auth__item--hidden\">\n    <h3 class=\"heading-font\">Reset password<\/h3>\n    <p>Inserisci il tuo indirizzo email e ti invieremo un link per cambiare la tua password.<\/p>\n\n    <form action=\"\" method=\"POST\" data-trp-original-action=\"\">\n\t\t\n        <input type=\"hidden\" name=\"uniqid\" value=\"69dd17cbe3917\"\/>\n\n\t\t\t\t\t\n                               <div class='es-field es-field__es_user_email es-field--email'>\n                                   <label for='es_user_email-69dd17cbe392a'><span class='es-field__label'>Email<\/span><input id=\"es_user_email-69dd17cbe392a\" name=\"es_user_email\" class=\"es-field__input\" required=\"required\" autocomplete=\"username\" type=\"email\" value=\"\" \/><\/label>\n                               <\/div>\n                           \t\t\t<input type=\"hidden\" id=\"es_retrieve_pwd_nonce_69dd17cbe3917\" name=\"es_retrieve_pwd_nonce_69dd17cbe3917\" value=\"b2264d74e8\" \/><input type=\"hidden\" name=\"_wp_http_referer\" value=\"\/it\/wp-json\/wp\/v2\/pages\/868\" \/>\t\t\t\t\t\t\t\t<input type=\"hidden\" name=\"g-recaptcha-response\" id=\"recaptchaResponse-69dd17cbe3953\"\/>\n\t\t\t\t\t            <button type=\"submit\" class=\"es-btn es-btn--primary es-btn--reset\">Invia link di ripristino<\/button>\n\t\t\n        <div><a href=\"#\" data-auth-item=\"login-buttons\" class=\"js-es-auth-item__switcher login-back\"><span class=\"es-icon es-icon_chevron-left\"><\/span>Torna al login<\/a><\/div>\n    <input type=\"hidden\" name=\"trp-form-language\" value=\"it\"\/><\/form>\n    <div class=\"es-space\"><\/div>\n<\/div>\n\t                <div class=\"es-auth__item es-auth__buyer-register-buttons es-auth__item--hidden\">\n\t        <h3 class=\"heading-font\">Commencez avec votre compte<\/h3>\n\t\n\t        <p>pour enregistrer vos maisons pr\u00e9f\u00e9r\u00e9es et plus encore<\/p>\n\t\n\t\t\t\t\t\t\t        <a href=\"#\" data-auth-item=\"buyer-register-form\" class=\"js-es-auth-item__switcher es-btn es-btn--default es-btn--auth\">Iscriviti con e-mail<\/a>\n\t\n    <p class=\"sign-in-text\">Hai gi\u00e0 un account? <a href=\"#\" data-auth-item=\"login-buttons\" class=\"js-es-auth-item__switcher\">Accesso<\/a><\/p>\n    <div class=\"es-space\"><\/div>\n\t<\/div>\n            <div class=\"es-auth__item es-auth__buyer-register-form es-auth__item--hidden\">\n\t        <h3 class=\"heading-font\">Commencez avec votre compte<\/h3>\n\t\n\t        <p>pour enregistrer vos maisons pr\u00e9f\u00e9r\u00e9es et plus encore<\/p>\n\t\n    <div class=\"all-login-back\">\n        <a href=\"#\" class=\"js-es-auth-item__switcher\" data-auth-item=\"buyer-register-buttons\">\n            <span class=\"es-icon es-icon_chevron-left\"><\/span>Tutte le opzioni di registrazione\n        <\/a>\n    <\/div>\n\n    <form action=\"\" method=\"POST\" data-trp-original-action=\"\">\n\t\t        <input type=\"hidden\" name=\"uniqid\" value=\"69dd17cbe3a35\"\/>\n        <input type=\"hidden\" id=\"es_register_nonce_69dd17cbe3a35\" name=\"es_register_nonce_69dd17cbe3a35\" value=\"0159a3b715\" \/><input type=\"hidden\" name=\"_wp_http_referer\" value=\"\/it\/wp-json\/wp\/v2\/pages\/868\" \/><input id=\"redirect_url-69dd17cbe3a48\" name=\"redirect_url\" class=\"es-field__input\" type=\"hidden\" \/><input id=\"es_type-69dd17cbe3a57\" name=\"es_type\" class=\"es-field__input\" type=\"hidden\" value=\"buyer\" \/>\n                               <div class='es-field es-field__es_extra_info es-field--text'>\n                                   <label for='es_extra_info-69dd17cbe3a65'><input id=\"es_extra_info-69dd17cbe3a65\" name=\"es_extra_info\" class=\"es-field__input\" type=\"text\" value=\"\" \/><\/label>\n                               <\/div>\n                           \n                               <div class='es-field es-field__es_user_email es-field--email'>\n                                   <label for='es_user_email-69dd17cbe3a85'><span class='es-field__label'>Email<\/span><input id=\"es_user_email-69dd17cbe3a85\" name=\"es_user_email\" class=\"es-field__input\" required=\"required\" autocomplete=\"username\" type=\"email\" value=\"\" \/><p class='es-field__description'>Lo userai per accedere e noi lo useremo per contattarti.\n<\/p><\/label>\n                               <\/div>\n                           \n                                   <div class='es-field es-field__es_user_password es-field--password'>\n                                       <label for='es_user_password-69dd17cbe3a9d'><span class='es-field__label'>Parola d'ordine<\/span><div class='es-input__wrap'><input id=\"es_user_password-69dd17cbe3a9d\" name=\"es_user_password\" class=\"js-es-password-field es-field__input\" required=\"required\" minlength=\"8\" autocomplete=\"new-password\" type=\"password\" value=\"\" \/><a href='#' aria-label='Show or Hide password' class='es-toggle-pwd js-es-toggle-pwd'><span class='es-icon es-icon_eye'><\/span><\/a><\/div><p class='es-field__description'><ul class='es-field__validate-list'>\n                                <li class='es-validate-item es-validate-item__contain'>Non pu\u00f2 contenere il nome o l'indirizzo email\n<\/li>\n                                <li class='es-validate-item es-validate-item__length'>Almeno 8 caratteri<\/li>\n                                <li class='es-validate-item es-validate-item__char'>Contiene un numero o un simbolo<\/li>\n                            <\/ul><\/p><\/label>\n                                   <\/div>\n                               \n\t    \t\t\t\t\t<input type=\"hidden\" name=\"g-recaptcha-response\" id=\"recaptchaResponse-69dd17cbe3ab6\"\/>\n\t\t\t\t\t\n        <button type=\"submit\" disabled class=\"es-btn es-btn--primary es-btn--signup\">Iscrizione<\/button>\n\t\t<div class='es-privacy-policy-container'><div class='es-terms-text'>Facendo clic sul pulsante \u00abISCRIZIONE\u00bb accetti Termini di utilizzo\n e Politica sulla riservatezza\n<\/div><\/div>        <p class=\"sign-in-text\">Hai gi\u00e0 un account? <a href=\"#\" class=\"js-es-auth-item__switcher\" data-auth-item=\"login-buttons\">Accesso<\/a>\n<\/p>\n    <input type=\"hidden\" name=\"trp-form-language\" value=\"it\"\/><\/form>\n    <div class=\"es-space\"><\/div>\n\t<\/div>\n        \t        \n    <\/div>\n<\/div>\n\t\t\t\t\t\t<\/div>\n\t\t\t\t\t<\/div>\n\t\t\t\t<\/div>\n\t\t\t\t<\/div>","protected":false},"excerpt":{"rendered":"","protected":false},"author":1,"featured_media":0,"parent":0,"menu_order":0,"comment_status":"closed","ping_status":"closed","template":"","meta":{"footnotes":""},"class_list":["post-868","page","type-page","status-publish","hentry"],"aioseo_notices":[],"_links":{"self":[{"href":"https:\/\/cmre.ch\/it\/wp-json\/wp\/v2\/pages\/868","targetHints":{"allow":["GET"]}}],"collection":[{"href":"https:\/\/cmre.ch\/it\/wp-json\/wp\/v2\/pages"}],"about":[{"href":"https:\/\/cmre.ch\/it\/wp-json\/wp\/v2\/types\/page"}],"author":[{"embeddable":true,"href":"https:\/\/cmre.ch\/it\/wp-json\/wp\/v2\/users\/1"}],"replies":[{"embeddable":true,"href":"https:\/\/cmre.ch\/it\/wp-json\/wp\/v2\/comments?post=868"}],"version-history":[{"count":7,"href":"https:\/\/cmre.ch\/it\/wp-json\/wp\/v2\/pages\/868\/revisions"}],"predecessor-version":[{"id":994,"href":"https:\/\/cmre.ch\/it\/wp-json\/wp\/v2\/pages\/868\/revisions\/994"}],"wp:attachment":[{"href":"https:\/\/cmre.ch\/it\/wp-json\/wp\/v2\/media?parent=868"}],"curies":[{"name":"wp","href":"https:\/\/api.w.org\/{rel}","templated":true}]}}